{"id":154,"date":"2019-04-15T06:57:52","date_gmt":"2019-04-15T06:57:52","guid":{"rendered":"https:\/\/karis.ukathemes.com\/demo-1\/?page_id=154"},"modified":"2025-04-23T13:39:37","modified_gmt":"2025-04-23T16:39:37","slug":"equipo-editorial","status":"publish","type":"page","link":"https:\/\/revista.argentores.org.ar\/index.php\/equipo-editorial\/","title":{"rendered":"Equipo editorial"},"content":{"rendered":"\n<h3 class=\"wp-block-heading\">Revista Digital de Argentores<\/h3>\n\n\n\n<p>Direcci\u00f3n period\u00edstica: <strong>Alberto Catena<\/strong><\/p>\n\n\n\n<p>Editor period\u00edstico: <strong>Leonardo Coire<\/strong><\/p>\n\n\n\n<p>Redacci\u00f3n: <strong>Sebasti\u00e1n Basualdo<\/strong><\/p>\n\n\n\n<p>Edici\u00f3n fotogr\u00e1fica: <strong>Magdalena Viggiani<\/strong><\/p>\n\n\n\n<p>Asesor gr\u00e1fico:<strong> Pablo Hulgich<\/strong><\/p>\n\n\n\n<p>Edici\u00f3n digital: <strong>Enrique Papatino<\/strong> y <strong>Andr\u00e9s Rivelli<\/strong><\/p>\n\n\n\n<!--more-->\n\n\n\n<p><\/p>\n","protected":false},"excerpt":{"rendered":"<p>Revista Digital de Argentores Direcci\u00f3n period\u00edstica: Alberto Catena Editor period\u00edstico: Leonardo Coire Redacci\u00f3n: Sebasti\u00e1n Basualdo Edici\u00f3n fotogr\u00e1fica: Magdalena Viggiani Asesor gr\u00e1fico: Pablo Hulgich Edici\u00f3n digital: Enrique Papatino y Andr\u00e9s Rivelli<\/p>\n","protected":false},"author":2,"featured_media":394,"parent":0,"menu_order":0,"comment_status":"closed","ping_status":"closed","template":"","meta":{"_acf_changed":false,"footnotes":""},"class_list":["post-154","page","type-page","status-publish","has-post-thumbnail","hentry"],"acf":[],"yoast_head":"<!-- This site is optimized with the Yoast SEO plugin v26.6 - https:\/\/yoast.com\/wordpress\/plugins\/seo\/ -->\n<title>Equipo editorial - Publicaci\u00f3n Digital de Argentores<\/title>\n<meta name=\"robots\" content=\"noindex, follow, max-snippet:-1, max-image-preview:large, max-video-preview:-1\" \/>\n<meta property=\"og:locale\" content=\"es_ES\" \/>\n<meta property=\"og:type\" content=\"article\" \/>\n<meta property=\"og:title\" content=\"Equipo editorial - Publicaci\u00f3n Digital de Argentores\" \/>\n<meta property=\"og:description\" content=\"Revista Digital de Argentores Direcci\u00f3n period\u00edstica: Alberto Catena Editor period\u00edstico: Leonardo Coire Redacci\u00f3n: Sebasti\u00e1n Basualdo Edici\u00f3n fotogr\u00e1fica: Magdalena Viggiani Asesor gr\u00e1fico: Pablo Hulgich Edici\u00f3n digital: Enrique Papatino y Andr\u00e9s Rivelli\" \/>\n<meta property=\"og:url\" content=\"https:\/\/revista.argentores.org.ar\/index.php\/equipo-editorial\/\" \/>\n<meta property=\"og:site_name\" content=\"Publicaci\u00f3n Digital de Argentores\" \/>\n<meta property=\"article:modified_time\" content=\"2025-04-23T16:39:37+00:00\" \/>\n<meta property=\"og:image\" content=\"https:\/\/revista.argentores.org.ar\/wp-content\/uploads\/2025\/04\/mesa-de-trabajoi.jpg\" \/>\n\t<meta property=\"og:image:width\" content=\"1920\" \/>\n\t<meta property=\"og:image:height\" content=\"1280\" \/>\n\t<meta property=\"og:image:type\" content=\"image\/jpeg\" \/>\n<meta name=\"twitter:card\" content=\"summary_large_image\" \/>\n<script type=\"application\/ld+json\" class=\"yoast-schema-graph\">{\"@context\":\"https:\/\/schema.org\",\"@graph\":[{\"@type\":\"WebPage\",\"@id\":\"https:\/\/revista.argentores.org.ar\/index.php\/equipo-editorial\/\",\"url\":\"https:\/\/revista.argentores.org.ar\/index.php\/equipo-editorial\/\",\"name\":\"Equipo editorial - Publicaci\u00f3n Digital de Argentores\",\"isPartOf\":{\"@id\":\"https:\/\/revista.argentores.org.ar\/#website\"},\"primaryImageOfPage\":{\"@id\":\"https:\/\/revista.argentores.org.ar\/index.php\/equipo-editorial\/#primaryimage\"},\"image\":{\"@id\":\"https:\/\/revista.argentores.org.ar\/index.php\/equipo-editorial\/#primaryimage\"},\"thumbnailUrl\":\"https:\/\/revista.argentores.org.ar\/wp-content\/uploads\/2025\/04\/mesa-de-trabajoi.jpg\",\"datePublished\":\"2019-04-15T06:57:52+00:00\",\"dateModified\":\"2025-04-23T16:39:37+00:00\",\"breadcrumb\":{\"@id\":\"https:\/\/revista.argentores.org.ar\/index.php\/equipo-editorial\/#breadcrumb\"},\"inLanguage\":\"es-AR\",\"potentialAction\":[{\"@type\":\"ReadAction\",\"target\":[\"https:\/\/revista.argentores.org.ar\/index.php\/equipo-editorial\/\"]}]},{\"@type\":\"ImageObject\",\"inLanguage\":\"es-AR\",\"@id\":\"https:\/\/revista.argentores.org.ar\/index.php\/equipo-editorial\/#primaryimage\",\"url\":\"https:\/\/revista.argentores.org.ar\/wp-content\/uploads\/2025\/04\/mesa-de-trabajoi.jpg\",\"contentUrl\":\"https:\/\/revista.argentores.org.ar\/wp-content\/uploads\/2025\/04\/mesa-de-trabajoi.jpg\",\"width\":1920,\"height\":1280},{\"@type\":\"BreadcrumbList\",\"@id\":\"https:\/\/revista.argentores.org.ar\/index.php\/equipo-editorial\/#breadcrumb\",\"itemListElement\":[{\"@type\":\"ListItem\",\"position\":1,\"name\":\"Inicio\",\"item\":\"https:\/\/revista.argentores.org.ar\/\"},{\"@type\":\"ListItem\",\"position\":2,\"name\":\"Equipo editorial\"}]},{\"@type\":\"WebSite\",\"@id\":\"https:\/\/revista.argentores.org.ar\/#website\",\"url\":\"https:\/\/revista.argentores.org.ar\/\",\"name\":\"Publicaci\u00f3n Digital de Argentores\",\"description\":\"\",\"publisher\":{\"@id\":\"https:\/\/revista.argentores.org.ar\/#organization\"},\"potentialAction\":[{\"@type\":\"SearchAction\",\"target\":{\"@type\":\"EntryPoint\",\"urlTemplate\":\"https:\/\/revista.argentores.org.ar\/?s={search_term_string}\"},\"query-input\":{\"@type\":\"PropertyValueSpecification\",\"valueRequired\":true,\"valueName\":\"search_term_string\"}}],\"inLanguage\":\"es-AR\"},{\"@type\":\"Organization\",\"@id\":\"https:\/\/revista.argentores.org.ar\/#organization\",\"name\":\"Publicaci\u00f3n Digital de Argentores\",\"url\":\"https:\/\/revista.argentores.org.ar\/\",\"logo\":{\"@type\":\"ImageObject\",\"inLanguage\":\"es-AR\",\"@id\":\"https:\/\/revista.argentores.org.ar\/#\/schema\/logo\/image\/\",\"url\":\"https:\/\/revista.argentores.org.ar\/wp-content\/uploads\/2025\/04\/logo-revista-autores-11-copia.jpg\",\"contentUrl\":\"https:\/\/revista.argentores.org.ar\/wp-content\/uploads\/2025\/04\/logo-revista-autores-11-copia.jpg\",\"width\":1080,\"height\":764,\"caption\":\"Publicaci\u00f3n Digital de Argentores\"},\"image\":{\"@id\":\"https:\/\/revista.argentores.org.ar\/#\/schema\/logo\/image\/\"}}]}<\/script>\n<!-- \/ Yoast SEO plugin. -->","yoast_head_json":{"title":"Equipo editorial - Publicaci\u00f3n Digital de Argentores","robots":{"index":"noindex","follow":"follow","max-snippet":"max-snippet:-1","max-image-preview":"max-image-preview:large","max-video-preview":"max-video-preview:-1"},"og_locale":"es_ES","og_type":"article","og_title":"Equipo editorial - Publicaci\u00f3n Digital de Argentores","og_description":"Revista Digital de Argentores Direcci\u00f3n period\u00edstica: Alberto Catena Editor period\u00edstico: Leonardo Coire Redacci\u00f3n: Sebasti\u00e1n Basualdo Edici\u00f3n fotogr\u00e1fica: Magdalena Viggiani Asesor gr\u00e1fico: Pablo Hulgich Edici\u00f3n digital: Enrique Papatino y Andr\u00e9s Rivelli","og_url":"https:\/\/revista.argentores.org.ar\/index.php\/equipo-editorial\/","og_site_name":"Publicaci\u00f3n Digital de Argentores","article_modified_time":"2025-04-23T16:39:37+00:00","og_image":[{"width":1920,"height":1280,"url":"https:\/\/revista.argentores.org.ar\/wp-content\/uploads\/2025\/04\/mesa-de-trabajoi.jpg","type":"image\/jpeg"}],"twitter_card":"summary_large_image","schema":{"@context":"https:\/\/schema.org","@graph":[{"@type":"WebPage","@id":"https:\/\/revista.argentores.org.ar\/index.php\/equipo-editorial\/","url":"https:\/\/revista.argentores.org.ar\/index.php\/equipo-editorial\/","name":"Equipo editorial - Publicaci\u00f3n Digital de Argentores","isPartOf":{"@id":"https:\/\/revista.argentores.org.ar\/#website"},"primaryImageOfPage":{"@id":"https:\/\/revista.argentores.org.ar\/index.php\/equipo-editorial\/#primaryimage"},"image":{"@id":"https:\/\/revista.argentores.org.ar\/index.php\/equipo-editorial\/#primaryimage"},"thumbnailUrl":"https:\/\/revista.argentores.org.ar\/wp-content\/uploads\/2025\/04\/mesa-de-trabajoi.jpg","datePublished":"2019-04-15T06:57:52+00:00","dateModified":"2025-04-23T16:39:37+00:00","breadcrumb":{"@id":"https:\/\/revista.argentores.org.ar\/index.php\/equipo-editorial\/#breadcrumb"},"inLanguage":"es-AR","potentialAction":[{"@type":"ReadAction","target":["https:\/\/revista.argentores.org.ar\/index.php\/equipo-editorial\/"]}]},{"@type":"ImageObject","inLanguage":"es-AR","@id":"https:\/\/revista.argentores.org.ar\/index.php\/equipo-editorial\/#primaryimage","url":"https:\/\/revista.argentores.org.ar\/wp-content\/uploads\/2025\/04\/mesa-de-trabajoi.jpg","contentUrl":"https:\/\/revista.argentores.org.ar\/wp-content\/uploads\/2025\/04\/mesa-de-trabajoi.jpg","width":1920,"height":1280},{"@type":"BreadcrumbList","@id":"https:\/\/revista.argentores.org.ar\/index.php\/equipo-editorial\/#breadcrumb","itemListElement":[{"@type":"ListItem","position":1,"name":"Inicio","item":"https:\/\/revista.argentores.org.ar\/"},{"@type":"ListItem","position":2,"name":"Equipo editorial"}]},{"@type":"WebSite","@id":"https:\/\/revista.argentores.org.ar\/#website","url":"https:\/\/revista.argentores.org.ar\/","name":"Publicaci\u00f3n Digital de Argentores","description":"","publisher":{"@id":"https:\/\/revista.argentores.org.ar\/#organization"},"potentialAction":[{"@type":"SearchAction","target":{"@type":"EntryPoint","urlTemplate":"https:\/\/revista.argentores.org.ar\/?s={search_term_string}"},"query-input":{"@type":"PropertyValueSpecification","valueRequired":true,"valueName":"search_term_string"}}],"inLanguage":"es-AR"},{"@type":"Organization","@id":"https:\/\/revista.argentores.org.ar\/#organization","name":"Publicaci\u00f3n Digital de Argentores","url":"https:\/\/revista.argentores.org.ar\/","logo":{"@type":"ImageObject","inLanguage":"es-AR","@id":"https:\/\/revista.argentores.org.ar\/#\/schema\/logo\/image\/","url":"https:\/\/revista.argentores.org.ar\/wp-content\/uploads\/2025\/04\/logo-revista-autores-11-copia.jpg","contentUrl":"https:\/\/revista.argentores.org.ar\/wp-content\/uploads\/2025\/04\/logo-revista-autores-11-copia.jpg","width":1080,"height":764,"caption":"Publicaci\u00f3n Digital de Argentores"},"image":{"@id":"https:\/\/revista.argentores.org.ar\/#\/schema\/logo\/image\/"}}]}},"_links":{"self":[{"href":"https:\/\/revista.argentores.org.ar\/index.php\/wp-json\/wp\/v2\/pages\/154","targetHints":{"allow":["GET"]}}],"collection":[{"href":"https:\/\/revista.argentores.org.ar\/index.php\/wp-json\/wp\/v2\/pages"}],"about":[{"href":"https:\/\/revista.argentores.org.ar\/index.php\/wp-json\/wp\/v2\/types\/page"}],"author":[{"embeddable":true,"href":"https:\/\/revista.argentores.org.ar\/index.php\/wp-json\/wp\/v2\/users\/2"}],"replies":[{"embeddable":true,"href":"https:\/\/revista.argentores.org.ar\/index.php\/wp-json\/wp\/v2\/comments?post=154"}],"version-history":[{"count":7,"href":"https:\/\/revista.argentores.org.ar\/index.php\/wp-json\/wp\/v2\/pages\/154\/revisions"}],"predecessor-version":[{"id":695,"href":"https:\/\/revista.argentores.org.ar\/index.php\/wp-json\/wp\/v2\/pages\/154\/revisions\/695"}],"wp:featuredmedia":[{"embeddable":true,"href":"https:\/\/revista.argentores.org.ar\/index.php\/wp-json\/wp\/v2\/media\/394"}],"wp:attachment":[{"href":"https:\/\/revista.argentores.org.ar\/index.php\/wp-json\/wp\/v2\/media?parent=154"}],"curies":[{"name":"wp","href":"https:\/\/api.w.org\/{rel}","templated":true}]}}